{"id":452,"date":"2020-11-29T09:50:51","date_gmt":"2020-11-29T09:50:51","guid":{"rendered":"http:\/\/digiflex.themezinho.net\/?page_id=2"},"modified":"2021-11-11T10:07:28","modified_gmt":"2021-11-11T13:07:28","slug":"home","status":"publish","type":"page","link":"https:\/\/generalrodriguez.gob.ar\/megustaver\/","title":{"rendered":"Home"},"content":{"rendered":"<p>[vc_row content_placement=&#8221;middle&#8221; section_background_color=&#8221;#0a0a0a&#8221; use_container=&#8221;yes&#8221;][vc_column][vc_column_text]<\/p>\n<h1 style=\"text-align: center;\"><strong><span style=\"color: #ffffff;\">PR\u00d3XIMAMENTE<\/span><\/strong><\/h1>\n<p>[\/vc_column_text][\/vc_column][vc_column offset=&#8221;vc_col-md-7&#8243;][vc_single_image image=&#8221;600&#8243; img_size=&#8221;large&#8221; alignment=&#8221;center&#8221;][\/vc_column][vc_column offset=&#8221;vc_col-md-5&#8243;][vc_video link=&#8221;https:\/\/www.youtube.com\/watch?v=C3WaD2i5rIw&#8221; el_aspect=&#8221;43&#8243; align=&#8221;center&#8221;][vc_column_text]<\/p>\n<blockquote><p><span style=\"color: #ffffff;\"><strong>Protagonizada por: Luciano C\u00e1ceres, Pablo Pinto, Clara Kovacic, Malena S\u00e1nchez, Diego Cremonesi, Fernando P\u00e9rez, Amelia C\u00e1ceres Curr\u00e1, Ger\u00f3nimo P\u00e9rez- Joaqu\u00edn C\u00e1ceres, Pablo R\u00edos.<\/strong><\/span><\/p>\n<p><span style=\"color: #ffffff;\">Bruno es un artista pl\u00e1stico que despu\u00e9s de un hecho traum\u00e1tico, abandona las artes para iniciar una nueva vida. Busca refugio en su \u00fanico amigo Roberto, quien le ofrece trabajo y vivienda en su desarmadero de autos chocados donde deber\u00e1 vigilar el predio con un arma y una linterna. All\u00ed reparte su tiempo entre el trabajo y la distracci\u00f3n. Pero una noche, mientras hace su recorrida habitual entre los autos chocados, tendr\u00e1 una visi\u00f3n reveladora. Ausencias y presencias habitar\u00e1n la mente de Bruno. El desarmadero es una zona de horror y de placer para el. Roberto advertir\u00e1 el cambio del estado ps\u00edquico de su amigo, que se opone a abandonar el predio. Perdido en ese laberinto de chatarra y memoria, Bruno har\u00e1 lo imposible por ingresar al universo de los muertos.<\/span><\/p><\/blockquote>\n<p>[\/vc_column_text][\/vc_column][\/vc_row][vc_row motts_theme_padding=&#8221;no&#8221; use_container=&#8221;yes&#8221; css=&#8221;.vc_custom_1607544845639{padding-top: 100px !important;}&#8221;][vc_column][ts_side_icon_content title=&#8221;\u00bfQu\u00e9 es &#8220;Me gusta Ver&#8220; y &#8220;Rodriguez Filma&#8220;?&#8221; details=&#8221;%5B%7B%22image%22%3A%22824%22%2C%22icon_title%22%3A%22Est%C3%A1%20hecho%20todo%20en%20General%20Rodr%C3%ADguez%22%2C%22description%22%3A%22Este%20Portal%20Audiovisual%20naci%C3%B3%20para%20mostrarte%20el%20talento%20y%20lo%20que%20se%20viene%20realizando%20parcial%20o%20totalmente%20en%20nuestra%20localidad%2C%20desde%20hace%20un%20tiempo.%20Hay%20muchas%20historias%20que%20podr%C3%A1s%20ver%20de%20ahora%20en%20adelante.%22%7D%2C%7B%22image%22%3A%2268%22%2C%22icon_title%22%3A%22Reunimos%20el%20contenido%20en%20un%20solo%20lugar%22%2C%22description%22%3A%22Mucho%20de%20lo%20que%20se%20fu%C3%A9%20publicando%20est%C3%A1%20en%20diferentes%20plataformas%20y%20ahora%20lo%20reunimos%20en%20un%20solo%20lugar.%20%C2%A1Habr%C3%A1%20muchas%20novedades%20y%20queremos%20que%20las%20sigas!%22%7D%2C%7B%22image%22%3A%2272%22%2C%22icon_title%22%3A%22Compatible%20con%20celular%2C%20tablet%20y%20PC%22%2C%22description%22%3A%22Acced%C3%A9%20al%20Portal%20desde%20cualquiera%20de%20tus%20dispositivos%20y%20mir%C3%A1%20el%20contenido%20que%20est%C3%A1%20disponible%20para%20vos.%22%7D%2C%7B%22image%22%3A%22827%22%2C%22icon_title%22%3A%22Rodr%C3%ADguez%20Filma%20es%20una%20iniciativa%20desde%20la%20Municipalidad%22%2C%22description%22%3A%22Es%20un%20programa%20que%20se%20brinda%20desde%20el%20Municipio%20para%20promocionar%20nuestro%20distrito%2C%20brindando%20facilidades%20y%20apoyo%20en%20lo%20que%20se%20necesite%20para%20que%20nuevos%20proyectos%20audiovisuales%20se%20realicen%20en%20nuestra%20localidad.%22%7D%5D&#8221;][vc_empty_space height=&#8221;90px&#8221;][\/vc_column][\/vc_row][vc_row section_background_color=&#8221;#111111&#8243; use_container=&#8221;yes&#8221;][vc_column][ts_section_title color=&#8221;#ffffff&#8221; align=&#8221;text-center&#8221; animate_block=&#8221;&#8221; animation_type=&#8221;&#8221; tagline=&#8221;DISPONIBLE AHORA&#8221; title=&#8221;Pel\u00edculas &amp; Trailers&#8221; animation_delay=&#8221;&#8221;][ts_movie total_count=&#8221;12&#8243; display_light=&#8221;light&#8221;][vc_row_inner el_class=&#8221;text-center&#8221; css=&#8221;.vc_custom_1607444596519{margin-top: 30px !important;}&#8221;][vc_column_inner][\/vc_column_inner][\/vc_row_inner][\/vc_column][\/vc_row][vc_row section_background_color=&#8221;#111111&#8243; use_container=&#8221;yes&#8221;][vc_column][vc_row_inner el_class=&#8221;text-center&#8221; css=&#8221;.vc_custom_1607444596519{margin-top: 30px !important;}&#8221;][vc_column_inner][ts_section_title color=&#8221;#ffffff&#8221; align=&#8221;text-center&#8221; animate_block=&#8221;&#8221; animation_type=&#8221;&#8221; tagline=&#8221;DISPONIBLE AHORA&#8221; title=&#8221;Series&#8221; animation_delay=&#8221;&#8221;][vc_column_text]<\/p>\n<h3 style=\"text-align: left;\"><span style=\"color: #ffffff;\"><strong>Distrito 44 &#8211; Serie Web<\/strong><\/span><\/h3>\n<p>[\/vc_column_text][vc_masonry_grid post_type=&#8221;episode&#8221; max_items=&#8221;-1&#8243; element_width=&#8221;2&#8243; gap=&#8221;10&#8243; orderby=&#8221;ID&#8221; order=&#8221;ASC&#8221; item=&#8221;788&#8243; grid_id=&#8221;vc_gid:1636635782162-9cdf7ece-3015-3&#8243;][\/vc_column_inner][\/vc_row_inner][vc_row_inner el_class=&#8221;text-center&#8221; css=&#8221;.vc_custom_1607444596519{margin-top: 30px !important;}&#8221;][vc_column_inner][ts_section_title color=&#8221;#ffffff&#8221; align=&#8221;text-center&#8221; animate_block=&#8221;&#8221; animation_type=&#8221;&#8221; tagline=&#8221;DISPONIBLE AHORA&#8221; title=&#8221;Cortometrajes&#8221; animation_delay=&#8221;&#8221;][vc_masonry_grid post_type=&#8221;cortometrajes&#8221; max_items=&#8221;10&#8243; element_width=&#8221;2&#8243; gap=&#8221;10&#8243; item=&#8221;788&#8243; grid_id=&#8221;vc_gid:1636635782164-31c75e3e-f4af-8&#8243;][\/vc_column_inner][\/vc_row_inner][\/vc_column][\/vc_row][vc_row section_background_color=&#8221;#111111&#8243; use_container=&#8221;yes&#8221;][vc_column][vc_row_inner el_class=&#8221;text-center&#8221; css=&#8221;.vc_custom_1607444596519{margin-top: 30px !important;}&#8221;][vc_column_inner][ts_section_title color=&#8221;#ffffff&#8221; align=&#8221;text-center&#8221; animate_block=&#8221;&#8221; animation_type=&#8221;&#8221; tagline=&#8221;PR\u00d3XIMAMENTE&#8221; title=&#8221;Documentales&#8221; animation_delay=&#8221;&#8221;][vc_column_text]<\/p>\n<h3><span style=\"color: #ffffff;\"><strong>\u00a1Pr\u00f3ximamente tendremos documentales hechos en Rodr\u00edguez e invitados para mostrarte!<\/strong><\/span><\/h3>\n<p>[\/vc_column_text][\/vc_column_inner][\/vc_row_inner][\/vc_column][\/vc_row][vc_row section_background_color=&#8221;#111111&#8243; use_container=&#8221;yes&#8221;][vc_column][vc_row_inner el_class=&#8221;text-center&#8221; css=&#8221;.vc_custom_1607444596519{margin-top: 30px !important;}&#8221;][vc_column_inner][ts_section_title color=&#8221;#ffffff&#8221; align=&#8221;text-center&#8221; animate_block=&#8221;&#8221; animation_type=&#8221;&#8221; tagline=&#8221;DISPONIBLE AHORA&#8221; title=&#8221;Videoclips&#8221; animation_delay=&#8221;&#8221;][vc_masonry_grid post_type=&#8221;videoclips&#8221; max_items=&#8221;10&#8243; element_width=&#8221;2&#8243; gap=&#8221;20&#8243; item=&#8221;788&#8243; grid_id=&#8221;vc_gid:1636635782167-2957cca3-8c45-0&#8243;][\/vc_column_inner][\/vc_row_inner][\/vc_column][\/vc_row][vc_row section_background_color=&#8221;#111111&#8243; use_container=&#8221;yes&#8221;][vc_column][vc_row_inner el_class=&#8221;text-center&#8221; css=&#8221;.vc_custom_1607444596519{margin-top: 30px !important;}&#8221;][vc_column_inner][ts_section_title color=&#8221;#ffffff&#8221; align=&#8221;text-center&#8221; animate_block=&#8221;&#8221; animation_type=&#8221;&#8221; tagline=&#8221;DISPONIBLE AHORA&#8221; title=&#8221;M\u00fasica&#8221; animation_delay=&#8221;&#8221;][vc_masonry_grid post_type=&#8221;musica&#8221; max_items=&#8221;10&#8243; element_width=&#8221;2&#8243; gap=&#8221;20&#8243; item=&#8221;788&#8243; grid_id=&#8221;vc_gid:1636635782168-9d62b7f0-3f3e-9&#8243;][\/vc_column_inner][\/vc_row_inner][\/vc_column][\/vc_row][vc_row section_background_color=&#8221;#111111&#8243; use_container=&#8221;yes&#8221;][vc_column][vc_row_inner el_class=&#8221;text-center&#8221; css=&#8221;.vc_custom_1607444596519{margin-top: 30px !important;}&#8221;][vc_column_inner][ts_section_title color=&#8221;#ffffff&#8221; align=&#8221;text-center&#8221; animate_block=&#8221;&#8221; animation_type=&#8221;&#8221; tagline=&#8221;DISPONIBLE AHORA&#8221; title=&#8221;Podcast&#8221; animation_delay=&#8221;&#8221;][vc_masonry_grid post_type=&#8221;podcast&#8221; max_items=&#8221;10&#8243; element_width=&#8221;2&#8243; gap=&#8221;20&#8243; item=&#8221;788&#8243; grid_id=&#8221;vc_gid:1636635782168-e811c88c-3077-4&#8243;][\/vc_column_inner][\/vc_row_inner][\/vc_column][\/vc_row][vc_row section_background_color=&#8221;#111111&#8243; use_container=&#8221;yes&#8221;][vc_column][vc_row_inner el_class=&#8221;text-center&#8221; css=&#8221;.vc_custom_1607444596519{margin-top: 30px !important;}&#8221;][vc_column_inner][ts_section_title color=&#8221;#ffffff&#8221; align=&#8221;text-center&#8221; animate_block=&#8221;&#8221; animation_type=&#8221;&#8221; tagline=&#8221;DISPONIBLE AHORA&#8221; title=&#8221;Teatro&#8221; animation_delay=&#8221;&#8221;][vc_masonry_grid post_type=&#8221;teatro&#8221; max_items=&#8221;10&#8243; element_width=&#8221;2&#8243; gap=&#8221;20&#8243; item=&#8221;788&#8243; grid_id=&#8221;vc_gid:1636635782169-677ec2ac-7b23-9&#8243;][\/vc_column_inner][\/vc_row_inner][\/vc_column][\/vc_row][vc_row motts_theme_padding=&#8221;no&#8221; use_container=&#8221;yes&#8221; css=&#8221;.vc_custom_1607544845639{padding-top: 100px !important;}&#8221;][vc_column][ts_section_title color=&#8221;#0a0a0a&#8221; align=&#8221;text-center&#8221; animate_block=&#8221;&#8221; animation_type=&#8221;&#8221; title=&#8221;\u00a1Dej\u00e1nos tu correo y enterate de las \u00faltimas novedades apenas sucedan!&#8221; animation_delay=&#8221;&#8221; tagline=&#8221;RECIB\u00cd NOVEDADES&#8221;][vc_btn title=&#8221;DEJANOS TU CORREO&#8221; style=&#8221;flat&#8221; shape=&#8221;square&#8221; color=&#8221;juicy-pink&#8221; align=&#8221;center&#8221; link=&#8221;url:https%3A%2F%2Fforms.gle%2F5vZxeEZtRxjY6gu76|title:DEJANOS%20TU%20CORREO|target:_blank&#8221;][vc_empty_space height=&#8221;90px&#8221;][vc_separator color=&#8221;mulled_wine&#8221; border_width=&#8221;3&#8243;][\/vc_column][\/vc_row][vc_row motts_theme_padding=&#8221;no&#8221; use_container=&#8221;yes&#8221; css=&#8221;.vc_custom_1607544845639{padding-top: 100px !important;}&#8221;][vc_column][ts_section_title color=&#8221;#0a0a0a&#8221; align=&#8221;text-center&#8221; animate_block=&#8221;&#8221; animation_type=&#8221;&#8221; title=&#8221;\u00bfSos una productora o est\u00e1s interesado en filmar en nuestra ciudad?&#8221; animation_delay=&#8221;&#8221; tagline=&#8221;PARA PRODUCTORAS&#8221;][vc_btn title=&#8221;LLEN\u00c1 EL FORMULARIO&#8221; style=&#8221;flat&#8221; shape=&#8221;square&#8221; color=&#8221;juicy-pink&#8221; align=&#8221;center&#8221; link=&#8221;url:https%3A%2F%2Fforms.gle%2FfytWHE7wcpVQQinJ7|title:FORMULARIO|target:_blank&#8221;][vc_empty_space height=&#8221;90px&#8221;][\/vc_column][\/vc_row]<\/p>\n","protected":false},"excerpt":{"rendered":"<p>[vc_row content_placement=&#8221;middle&#8221; section_background_color=&#8221;#0a0a0a&#8221; use_container=&#8221;yes&#8221;][vc_column][vc_column_text] PR\u00d3XIMAMENTE [\/vc_column_text][\/vc_column][vc_column offset=&#8221;vc_col-md-7&#8243;][vc_single_image image=&#8221;600&#8243; img_size=&#8221;large&#8221; alignment=&#8221;center&#8221;][\/vc_column][vc_column offset=&#8221;vc_col-md-5&#8243;][vc_video link=&#8221;https:\/\/www.youtube.com\/watch?v=C3WaD2i5rIw&#8221; el_aspect=&#8221;43&#8243; align=&#8221;center&#8221;][vc_column_text] Protagonizada por: Luciano C\u00e1ceres, Pablo Pinto, Clara Kovacic, Malena S\u00e1nchez, Diego Cremonesi, Fernando P\u00e9rez, Amelia C\u00e1ceres Curr\u00e1, Ger\u00f3nimo P\u00e9rez- Joaqu\u00edn C\u00e1ceres, Pablo R\u00edos. Bruno es un artista pl\u00e1stico que despu\u00e9s de un hecho traum\u00e1tico, abandona las artes para iniciar una nueva [&hellip;]<\/p>\n","protected":false},"author":1,"featured_media":0,"parent":0,"menu_order":0,"comment_status":"closed","ping_status":"open","template":"page-home.php","meta":[],"_links":{"self":[{"href":"https:\/\/generalrodriguez.gob.ar\/megustaver\/wp-json\/wp\/v2\/pages\/452"}],"collection":[{"href":"https:\/\/generalrodriguez.gob.ar\/megustaver\/wp-json\/wp\/v2\/pages"}],"about":[{"href":"https:\/\/generalrodriguez.gob.ar\/megustaver\/wp-json\/wp\/v2\/types\/page"}],"author":[{"embeddable":true,"href":"https:\/\/generalrodriguez.gob.ar\/megustaver\/wp-json\/wp\/v2\/users\/1"}],"replies":[{"embeddable":true,"href":"https:\/\/generalrodriguez.gob.ar\/megustaver\/wp-json\/wp\/v2\/comments?post=452"}],"version-history":[{"count":93,"href":"https:\/\/generalrodriguez.gob.ar\/megustaver\/wp-json\/wp\/v2\/pages\/452\/revisions"}],"predecessor-version":[{"id":842,"href":"https:\/\/generalrodriguez.gob.ar\/megustaver\/wp-json\/wp\/v2\/pages\/452\/revisions\/842"}],"wp:attachment":[{"href":"https:\/\/generalrodriguez.gob.ar\/megustaver\/wp-json\/wp\/v2\/media?parent=452"}],"curies":[{"name":"wp","href":"https:\/\/api.w.org\/{rel}","templated":true}]}}